{"id":1018,"date":"2019-01-28T15:37:23","date_gmt":"2019-01-28T15:37:23","guid":{"rendered":"http:\/\/78ba2ae1-0676-43d8-99b3-5a0d323af87c.clouding.host\/soluciones-para-correo\/"},"modified":"2025-04-09T17:43:12","modified_gmt":"2025-04-09T17:43:12","slug":"mail-solutions","status":"publish","type":"page","link":"http:\/\/78ba2ae1-0676-43d8-99b3-5a0d323af87c.clouding.host\/en\/mail-solutions\/","title":{"rendered":"Mail Solutions"},"content":{"rendered":"<p>[et_pb_section fb_built=&#8221;1&#8243; _builder_version=&#8221;4.16&#8243; background_image=&#8221;http:\/\/78ba2ae1-0676-43d8-99b3-5a0d323af87c.clouding.host\/wp-content\/uploads\/2018\/12\/soluciones-metaclean.jpg&#8221; parallax=&#8221;on&#8221; bottom_divider_style=&#8221;slant&#8221; bottom_divider_color=&#8221;#ffffff&#8221; bottom_divider_flip=&#8221;horizontal&#8221; animation_style=&#8221;fade&#8221; global_colors_info=&#8221;{}&#8221;][et_pb_row _builder_version=&#8221;4.16&#8243; background_size=&#8221;initial&#8221; background_position=&#8221;top_left&#8221; background_repeat=&#8221;repeat&#8221; custom_padding=&#8221;90px||90px&#8221; global_colors_info=&#8221;{}&#8221;][et_pb_column type=&#8221;4_4&#8243; _builder_version=&#8221;4.16&#8243; global_colors_info=&#8221;{}&#8221;][et_pb_text _builder_version=&#8221;4.16&#8243; z_index_tablet=&#8221;500&#8243; text_text_shadow_horizontal_length_tablet=&#8221;0px&#8221; text_text_shadow_vertical_length_tablet=&#8221;0px&#8221; text_text_shadow_blur_strength_tablet=&#8221;1px&#8221; link_text_shadow_horizontal_length_tablet=&#8221;0px&#8221; link_text_shadow_vertical_length_tablet=&#8221;0px&#8221; link_text_shadow_blur_strength_tablet=&#8221;1px&#8221; ul_text_shadow_horizontal_length_tablet=&#8221;0px&#8221; ul_text_shadow_vertical_length_tablet=&#8221;0px&#8221; ul_text_shadow_blur_strength_tablet=&#8221;1px&#8221; ol_text_shadow_horizontal_length_tablet=&#8221;0px&#8221; ol_text_shadow_vertical_length_tablet=&#8221;0px&#8221; ol_text_shadow_blur_strength_tablet=&#8221;1px&#8221; quote_text_shadow_horizontal_length_tablet=&#8221;0px&#8221; quote_text_shadow_vertical_length_tablet=&#8221;0px&#8221; quote_text_shadow_blur_strength_tablet=&#8221;1px&#8221; header_text_shadow_horizontal_length_tablet=&#8221;0px&#8221; header_text_shadow_vertical_length_tablet=&#8221;0px&#8221; header_text_shadow_blur_strength_tablet=&#8221;1px&#8221; header_2_text_shadow_horizontal_length_tablet=&#8221;0px&#8221; header_2_text_shadow_vertical_length_tablet=&#8221;0px&#8221; header_2_text_shadow_blur_strength_tablet=&#8221;1px&#8221; header_3_text_shadow_horizontal_length_tablet=&#8221;0px&#8221; header_3_text_shadow_vertical_length_tablet=&#8221;0px&#8221; header_3_text_shadow_blur_strength_tablet=&#8221;1px&#8221; header_4_text_shadow_horizontal_length_tablet=&#8221;0px&#8221; header_4_text_shadow_vertical_length_tablet=&#8221;0px&#8221; header_4_text_shadow_blur_strength_tablet=&#8221;1px&#8221; header_5_text_shadow_horizontal_length_tablet=&#8221;0px&#8221; header_5_text_shadow_vertical_length_tablet=&#8221;0px&#8221; header_5_text_shadow_blur_strength_tablet=&#8221;1px&#8221; header_6_text_shadow_horizontal_length_tablet=&#8221;0px&#8221; header_6_text_shadow_vertical_length_tablet=&#8221;0px&#8221; header_6_text_shadow_blur_strength_tablet=&#8221;1px&#8221; box_shadow_horizontal_tablet=&#8221;0px&#8221; box_shadow_vertical_tablet=&#8221;0px&#8221; box_shadow_blur_tablet=&#8221;40px&#8221; box_shadow_spread_tablet=&#8221;0px&#8221; global_colors_info=&#8221;{}&#8221;]<\/p>\n<h1 style=\"text-align: center;\"><span style=\"font-size: 50px;\"><strong><span style=\"color: #ffffff;\">E-mail metadata<\/span><\/strong><\/span><\/h1>\n<p>[\/et_pb_text][\/et_pb_column][\/et_pb_row][\/et_pb_section][et_pb_section fb_built=&#8221;1&#8243; _builder_version=&#8221;4.16&#8243; custom_padding=&#8221;20px||30px&#8221; global_colors_info=&#8221;{}&#8221;][et_pb_row make_equal=&#8221;on&#8221; _builder_version=&#8221;4.16&#8243; background_size=&#8221;initial&#8221; background_position=&#8221;top_left&#8221; background_repeat=&#8221;repeat&#8221; global_colors_info=&#8221;{}&#8221;][et_pb_column type=&#8221;4_4&#8243; module_class=&#8221;ds-vertical-align&#8221; _builder_version=&#8221;4.16&#8243; custom_padding=&#8221;|||&#8221; global_colors_info=&#8221;{}&#8221; custom_padding__hover=&#8221;|||&#8221;][et_pb_text _builder_version=&#8221;4.16&#8243; text_line_height=&#8221;2em&#8221; header_2_font=&#8221;|300|||||||&#8221; header_2_text_color=&#8221;#578e9f&#8221; custom_margin=&#8221;||10px&#8221; global_colors_info=&#8221;{}&#8221;]<\/p>\n<h2 style=\"text-align: center;\"><span style=\"font-size: 25px;\"><strong><span style=\"color: #808080;\"><span color=\"#578e9f\" style=\"color: #578e9f;\">Metaclean for e-mail<\/span><\/span><\/strong><\/span><\/h2>\n<p>[\/et_pb_text][et_pb_text _builder_version=&#8221;4.16&#8243; text_line_height=&#8221;2em&#8221; header_2_font=&#8221;|300|||||||&#8221; header_2_text_color=&#8221;#578e9f&#8221; custom_margin=&#8221;||10px&#8221; global_colors_info=&#8221;{}&#8221;]<\/p>\n<p style=\"text-align: left;\"><span style=\"color: #578e9f; font-size: 25PX;\">The processing of metadata in attachments is done on the client side, relieving the mail server of this processing burden.<\/span><\/p>\n<p>[\/et_pb_text][et_pb_text _builder_version=&#8221;4.16&#8243; text_line_height=&#8221;2em&#8221; header_2_font=&#8221;|300|||||||&#8221; header_2_text_color=&#8221;#578e9f&#8221; custom_margin=&#8221;||10px&#8221; global_colors_info=&#8221;{}&#8221;]<\/p>\n<p style=\"text-align: left;\"><span style=\"color: #578e9f; font-size: 25px;\">Implementa funcionalidades Data Loss Prevention (DLP) para evitar que informaci\u00f3n confidencial y cr\u00edtica salga fuera de la organizaci\u00f3n.<\/span><\/p>\n<p>[\/et_pb_text][\/et_pb_column][\/et_pb_row][\/et_pb_section][et_pb_section fb_built=&#8221;1&#8243; _builder_version=&#8221;4.16&#8243; background_color=&#8221;#f5f5f5&#8243; custom_padding=&#8221;0px||0px&#8221; global_colors_info=&#8221;{}&#8221;][et_pb_row column_structure=&#8221;1_3,2_3&#8243; make_equal=&#8221;on&#8221; _builder_version=&#8221;4.16&#8243; background_size=&#8221;initial&#8221; background_position=&#8221;top_left&#8221; background_repeat=&#8221;repeat&#8221; global_colors_info=&#8221;{}&#8221;][et_pb_column type=&#8221;1_3&#8243; module_class=&#8221;ds-vertical-align&#8221; _builder_version=&#8221;4.16&#8243; custom_padding=&#8221;|||&#8221; global_colors_info=&#8221;{}&#8221; custom_padding__hover=&#8221;|||&#8221;][et_pb_image src=&#8221;http:\/\/78ba2ae1-0676-43d8-99b3-5a0d323af87c.clouding.host\/wp-content\/uploads\/2019\/01\/metaclean-outlook-adarsus.png&#8221; align=&#8221;center&#8221; align_tablet=&#8221;center&#8221; align_phone=&#8221;&#8221; align_last_edited=&#8221;on|desktop&#8221; _builder_version=&#8221;4.16&#8243; global_colors_info=&#8221;{}&#8221;][\/et_pb_image][\/et_pb_column][et_pb_column type=&#8221;2_3&#8243; module_class=&#8221;ds-vertical-align&#8221; _builder_version=&#8221;4.16&#8243; custom_padding=&#8221;|||&#8221; global_colors_info=&#8221;{}&#8221; custom_padding__hover=&#8221;|||&#8221;][et_pb_text _builder_version=&#8221;4.16&#8243; text_font=&#8221;||||||||&#8221; text_font_size=&#8221;20px&#8221; text_line_height=&#8221;1.5em&#8221; custom_margin=&#8221;||0px&#8221; global_colors_info=&#8221;{}&#8221;]<\/p>\n<ul>\n<li>Plugin for Outlook and Outlook 365 that allows the treatment of metadata when attaching documents and\/or images automatically when sending mail.<\/li>\n<li>Available for Windows operating system.<\/li>\n<li>It has a graphical interface to configure a metadata template to indicate which actions to apply to the files: deletion or modification of metadata.<\/li>\n<\/ul>\n<p>[\/et_pb_text][et_pb_button button_url=&#8221;http:\/\/78ba2ae1-0676-43d8-99b3-5a0d323af87c.clouding.host\/gestion-metadatos-cliente-correo-metaclean-for-outlook\/&#8221; button_text=&#8221;More Information&#8221; _builder_version=&#8221;4.16&#8243; custom_button=&#8221;on&#8221; button_text_size=&#8221;24px&#8221; button_text_color=&#8221;#ffffff&#8221; button_bg_color=&#8221;#578E9F&#8221; button_border_color=&#8221;#ffffff&#8221; button_border_radius=&#8221;8px&#8221; button_use_icon=&#8221;off&#8221; vertical_offset_tablet=&#8221;0&#8243; horizontal_offset_tablet=&#8221;0&#8243; button_text_size_tablet=&#8221;&#8221; button_text_size_phone=&#8221;15px&#8221; button_text_size_last_edited=&#8221;on|desktop&#8221; z_index_tablet=&#8221;500&#8243; button_text_shadow_horizontal_length_tablet=&#8221;0px&#8221; button_text_shadow_vertical_length_tablet=&#8221;0px&#8221; button_text_shadow_blur_strength_tablet=&#8221;1px&#8221; box_shadow_horizontal_tablet=&#8221;0px&#8221; box_shadow_vertical_tablet=&#8221;0px&#8221; box_shadow_blur_tablet=&#8221;40px&#8221; box_shadow_spread_tablet=&#8221;0px&#8221; global_colors_info=&#8221;{}&#8221; button_bg_color__hover_enabled=&#8221;on&#8221; button_bg_color__hover=&#8221;rgba(0,0,0,0)&#8221; button_text_color__hover_enabled=&#8221;on&#8221; button_text_color__hover=&#8221;#578E9F&#8221; button_border_color__hover_enabled=&#8221;on&#8221; button_border_color__hover=&#8221;#578E9F&#8221;][\/et_pb_button][\/et_pb_column][\/et_pb_row][\/et_pb_section][et_pb_section fb_built=&#8221;1&#8243; disabled_on=&#8221;on|on|on&#8221; _builder_version=&#8221;4.16&#8243; background_enable_color=&#8221;off&#8221; custom_padding=&#8221;0px||0px&#8221; global_colors_info=&#8221;{}&#8221; disabled=&#8221;on&#8221;][et_pb_row column_structure=&#8221;1_3,2_3&#8243; make_equal=&#8221;on&#8221; _builder_version=&#8221;4.16&#8243; background_size=&#8221;initial&#8221; background_position=&#8221;top_left&#8221; background_repeat=&#8221;repeat&#8221; global_colors_info=&#8221;{}&#8221;][et_pb_column type=&#8221;1_3&#8243; module_class=&#8221;ds-vertical-align&#8221; _builder_version=&#8221;4.16&#8243; custom_padding=&#8221;|||&#8221; global_colors_info=&#8221;{}&#8221; custom_padding__hover=&#8221;|||&#8221;][et_pb_image src=&#8221;http:\/\/78ba2ae1-0676-43d8-99b3-5a0d323af87c.clouding.host\/wp-content\/uploads\/2022\/01\/metaclean-thunderbird-producto.png&#8221; alt=&#8221;metaClean for Thunderbird&#8221; title_text=&#8221;metaClean for Thunderbird&#8221; align=&#8221;center&#8221; align_tablet=&#8221;center&#8221; align_phone=&#8221;&#8221; align_last_edited=&#8221;on|desktop&#8221; _builder_version=&#8221;4.16&#8243; max_width=&#8221;73%&#8221; global_colors_info=&#8221;{}&#8221;][\/et_pb_image][\/et_pb_column][et_pb_column type=&#8221;2_3&#8243; module_class=&#8221;ds-vertical-align&#8221; _builder_version=&#8221;4.16&#8243; custom_padding=&#8221;|||&#8221; global_colors_info=&#8221;{}&#8221; custom_padding__hover=&#8221;|||&#8221;][et_pb_text _builder_version=&#8221;4.16&#8243; text_font_size=&#8221;20px&#8221; text_line_height=&#8221;1.5em&#8221; custom_margin=&#8221;||0px&#8221; global_colors_info=&#8221;{}&#8221;]<\/p>\n<ul>\n<li>FREE FOR PERSONAL USE<\/li>\n<li>Removes metadata from all versions of Microsoft Office, Open\/Libre Office, PDF, RTF, Image, Audio and Video files.<\/li>\n<li>Compatible with ZIP and 7z archives. Compressed documents will be processed by MetaClean.<\/li>\n<li>Creation of metadata templates to remove, add or modify standard or custom metadata to processed documents.<\/li>\n<li>Creation of white lists by domains or email addresses. The documents in email attachments sent to one member of the white lists will not be processed by MetaClean. MetaClean no procesar\u00e1 los documentos en archivos adjuntos de correo electr\u00f3nico enviados a un miembro de las listas blancas.<\/li>\n<\/ul>\n<p>[\/et_pb_text][et_pb_button button_url=&#8221;http:\/\/78ba2ae1-0676-43d8-99b3-5a0d323af87c.clouding.host\/en\/?page_id=5925&#8243; button_text=&#8221;More Information&#8221; _builder_version=&#8221;4.16&#8243; custom_button=&#8221;on&#8221; button_text_size=&#8221;24px&#8221; button_text_color=&#8221;#ffffff&#8221; button_bg_color=&#8221;#578E9F&#8221; button_border_color=&#8221;#ffffff&#8221; button_border_radius=&#8221;8px&#8221; button_use_icon=&#8221;off&#8221; button_text_size_tablet=&#8221;&#8221; button_text_size_phone=&#8221;15px&#8221; button_text_size_last_edited=&#8221;on|desktop&#8221; z_index_tablet=&#8221;500&#8243; global_colors_info=&#8221;{}&#8221; button_bg_color__hover_enabled=&#8221;on&#8221; button_bg_color__hover=&#8221;rgba(0,0,0,0)&#8221; button_text_color__hover_enabled=&#8221;on&#8221; button_text_color__hover=&#8221;#578E9F&#8221; button_border_color__hover_enabled=&#8221;on&#8221; button_border_color__hover=&#8221;#578E9F&#8221;][\/et_pb_button][\/et_pb_column][\/et_pb_row][\/et_pb_section][et_pb_section fb_built=&#8221;1&#8243; disabled_on=&#8221;off|off|off&#8221; _builder_version=&#8221;4.16&#8243; background_color=&#8221;#f5f5f5&#8243; custom_padding=&#8221;0px||0px&#8221; global_colors_info=&#8221;{}&#8221;][et_pb_row column_structure=&#8221;1_3,2_3&#8243; make_equal=&#8221;on&#8221; _builder_version=&#8221;4.16&#8243; background_size=&#8221;initial&#8221; background_position=&#8221;top_left&#8221; background_repeat=&#8221;repeat&#8221; global_colors_info=&#8221;{}&#8221;][et_pb_column type=&#8221;1_3&#8243; module_class=&#8221;ds-vertical-align&#8221; _builder_version=&#8221;4.16&#8243; custom_padding=&#8221;|||&#8221; global_colors_info=&#8221;{}&#8221; custom_padding__hover=&#8221;|||&#8221;][et_pb_image src=&#8221;http:\/\/78ba2ae1-0676-43d8-99b3-5a0d323af87c.clouding.host\/wp-content\/uploads\/2020\/12\/metaclean-gmail-producto.png&#8221; title_text=&#8221;remove-metadata-from-gmail-attachments&#8221; align=&#8221;center&#8221; align_tablet=&#8221;center&#8221; align_phone=&#8221;&#8221; align_last_edited=&#8221;on|desktop&#8221; _builder_version=&#8221;4.16&#8243; width=&#8221;70%&#8221; max_width=&#8221;73%&#8221; global_colors_info=&#8221;{}&#8221;][\/et_pb_image][\/et_pb_column][et_pb_column type=&#8221;2_3&#8243; module_class=&#8221;ds-vertical-align&#8221; _builder_version=&#8221;4.16&#8243; custom_padding=&#8221;|||&#8221; global_colors_info=&#8221;{}&#8221; custom_padding__hover=&#8221;|||&#8221;][et_pb_text _builder_version=&#8221;4.16&#8243; text_font_size=&#8221;20px&#8221; text_line_height=&#8221;1.5em&#8221; custom_margin=&#8221;||0px&#8221; global_colors_info=&#8221;{}&#8221;]<\/p>\n<ul>\n<li>FREE FOR PERSONAL USE<\/li>\n<li>Removes metadata from all versions of Microsoft Office, Open\/Libre Office, PDF, RTF, Image, Audio and Video files.<\/li>\n<li>Compatible with ZIP and 7z archives. Compressed documents will be processed by MetaClean.<\/li>\n<li>Creation of metadata templates to remove, add or modify standard or custom metadata to processed documents.<\/li>\n<li>Creation of white lists by domains or email addresses. The documents in email attachments sent to one member of the white lists will not be processed by MetaClean. MetaClean no procesar\u00e1 los documentos en archivos adjuntos de correo electr\u00f3nico enviados a un miembro de las listas blancas.<\/li>\n<\/ul>\n<p>[\/et_pb_text][et_pb_button button_url=&#8221;http:\/\/78ba2ae1-0676-43d8-99b3-5a0d323af87c.clouding.host\/en\/remove-metadata-from-gmail-attachments\/&#8221; button_text=&#8221;More Information&#8221; _builder_version=&#8221;4.16&#8243; custom_button=&#8221;on&#8221; button_text_size=&#8221;24px&#8221; button_text_color=&#8221;#ffffff&#8221; button_bg_color=&#8221;#578E9F&#8221; button_border_color=&#8221;#ffffff&#8221; button_border_radius=&#8221;8px&#8221; button_use_icon=&#8221;off&#8221; button_text_size_tablet=&#8221;&#8221; button_text_size_phone=&#8221;15px&#8221; button_text_size_last_edited=&#8221;on|desktop&#8221; z_index_tablet=&#8221;500&#8243; global_colors_info=&#8221;{}&#8221; button_bg_color__hover_enabled=&#8221;on&#8221; button_bg_color__hover=&#8221;rgba(0,0,0,0)&#8221; button_text_color__hover_enabled=&#8221;on&#8221; button_text_color__hover=&#8221;#578E9F&#8221; button_border_color__hover_enabled=&#8221;on&#8221; button_border_color__hover=&#8221;#578E9F&#8221;][\/et_pb_button][\/et_pb_column][\/et_pb_row][\/et_pb_section]<\/p>\n","protected":false},"excerpt":{"rendered":"<p>E-mail metadata Metaclean for e-mail The processing of metadata in attachments is done on the client side, relieving the mail server of this processing burden. Implementa funcionalidades Data Loss Prevention (DLP) para evitar que informaci\u00f3n confidencial y cr\u00edtica salga fuera de la organizaci\u00f3n. Plugin for Outlook and Outlook 365 that allows the treatment of metadata [&hellip;]<\/p>\n","protected":false},"author":1,"featured_media":0,"parent":0,"menu_order":0,"comment_status":"closed","ping_status":"closed","template":"","meta":{"_acf_changed":false,"_et_pb_use_builder":"on","_et_pb_old_content":"","_et_gb_content_width":"","footnotes":""},"class_list":["post-1018","page","type-page","status-publish","hentry"],"acf":[],"yoast_head":"<!-- This site is optimized with the Yoast SEO plugin v25.0 - https:\/\/yoast.com\/wordpress\/plugins\/seo\/ -->\n<title>Processes the metadata of mail attachments<\/title>\n<meta name=\"description\" content=\"Process the metadata of your email attachments and prevent data leakage directly from Gmail or Outlook \u2713 Request a demo now\" \/>\n<meta name=\"robots\" content=\"index, follow, max-snippet:-1, max-image-preview:large, max-video-preview:-1\" \/>\n<link rel=\"canonical\" href=\"http:\/\/78ba2ae1-0676-43d8-99b3-5a0d323af87c.clouding.host\/en\/mail-solutions\/\" \/>\n<meta property=\"og:locale\" content=\"en_US\" \/>\n<meta property=\"og:type\" content=\"article\" \/>\n<meta property=\"og:title\" content=\"Processes the metadata of mail attachments\" \/>\n<meta property=\"og:description\" content=\"Process the metadata of your email attachments and prevent data leakage directly from Gmail or Outlook \u2713 Request a demo now\" \/>\n<meta property=\"og:url\" content=\"http:\/\/78ba2ae1-0676-43d8-99b3-5a0d323af87c.clouding.host\/en\/mail-solutions\/\" \/>\n<meta property=\"og:site_name\" content=\"Adarsus\" \/>\n<meta property=\"article:modified_time\" content=\"2025-04-09T17:43:12+00:00\" \/>\n<meta name=\"twitter:card\" content=\"summary_large_image\" \/>\n<meta name=\"twitter:label1\" content=\"Est. reading time\" \/>\n\t<meta name=\"twitter:data1\" content=\"8 minutes\" \/>\n<script type=\"application\/ld+json\" class=\"yoast-schema-graph\">{\"@context\":\"https:\/\/schema.org\",\"@graph\":[{\"@type\":\"WebPage\",\"@id\":\"http:\/\/78ba2ae1-0676-43d8-99b3-5a0d323af87c.clouding.host\/en\/mail-solutions\/\",\"url\":\"http:\/\/78ba2ae1-0676-43d8-99b3-5a0d323af87c.clouding.host\/en\/mail-solutions\/\",\"name\":\"Processes the metadata of mail attachments\",\"isPartOf\":{\"@id\":\"http:\/\/78ba2ae1-0676-43d8-99b3-5a0d323af87c.clouding.host\/#website\"},\"datePublished\":\"2019-01-28T15:37:23+00:00\",\"dateModified\":\"2025-04-09T17:43:12+00:00\",\"description\":\"Process the metadata of your email attachments and prevent data leakage directly from Gmail or Outlook \u2713 Request a demo now\",\"breadcrumb\":{\"@id\":\"http:\/\/78ba2ae1-0676-43d8-99b3-5a0d323af87c.clouding.host\/en\/mail-solutions\/#breadcrumb\"},\"inLanguage\":\"en-US\",\"potentialAction\":[{\"@type\":\"ReadAction\",\"target\":[\"http:\/\/78ba2ae1-0676-43d8-99b3-5a0d323af87c.clouding.host\/en\/mail-solutions\/\"]}]},{\"@type\":\"BreadcrumbList\",\"@id\":\"http:\/\/78ba2ae1-0676-43d8-99b3-5a0d323af87c.clouding.host\/en\/mail-solutions\/#breadcrumb\",\"itemListElement\":[{\"@type\":\"ListItem\",\"position\":1,\"name\":\"Portada\",\"item\":\"http:\/\/78ba2ae1-0676-43d8-99b3-5a0d323af87c.clouding.host\/en\/\"},{\"@type\":\"ListItem\",\"position\":2,\"name\":\"Mail Solutions\"}]},{\"@type\":\"WebSite\",\"@id\":\"http:\/\/78ba2ae1-0676-43d8-99b3-5a0d323af87c.clouding.host\/#website\",\"url\":\"http:\/\/78ba2ae1-0676-43d8-99b3-5a0d323af87c.clouding.host\/\",\"name\":\"Adarsus - MetaClean\",\"description\":\"Metadata solutions\",\"publisher\":{\"@id\":\"http:\/\/78ba2ae1-0676-43d8-99b3-5a0d323af87c.clouding.host\/#organization\"},\"potentialAction\":[{\"@type\":\"SearchAction\",\"target\":{\"@type\":\"EntryPoint\",\"urlTemplate\":\"http:\/\/78ba2ae1-0676-43d8-99b3-5a0d323af87c.clouding.host\/?s={search_term_string}\"},\"query-input\":{\"@type\":\"PropertyValueSpecification\",\"valueRequired\":true,\"valueName\":\"search_term_string\"}}],\"inLanguage\":\"en-US\"},{\"@type\":\"Organization\",\"@id\":\"http:\/\/78ba2ae1-0676-43d8-99b3-5a0d323af87c.clouding.host\/#organization\",\"name\":\"MetaClean\",\"url\":\"http:\/\/78ba2ae1-0676-43d8-99b3-5a0d323af87c.clouding.host\/\",\"logo\":{\"@type\":\"ImageObject\",\"inLanguage\":\"en-US\",\"@id\":\"http:\/\/78ba2ae1-0676-43d8-99b3-5a0d323af87c.clouding.host\/#\/schema\/logo\/image\/\",\"url\":\"http:\/\/78ba2ae1-0676-43d8-99b3-5a0d323af87c.clouding.host\/wp-content\/uploads\/2018\/12\/metaclean-logo.png\",\"contentUrl\":\"http:\/\/78ba2ae1-0676-43d8-99b3-5a0d323af87c.clouding.host\/wp-content\/uploads\/2018\/12\/metaclean-logo.png\",\"width\":303,\"height\":200,\"caption\":\"MetaClean\"},\"image\":{\"@id\":\"http:\/\/78ba2ae1-0676-43d8-99b3-5a0d323af87c.clouding.host\/#\/schema\/logo\/image\/\"}}]}<\/script>\n<!-- \/ Yoast SEO plugin. -->","yoast_head_json":{"title":"Processes the metadata of mail attachments","description":"Process the metadata of your email attachments and prevent data leakage directly from Gmail or Outlook \u2713 Request a demo now","robots":{"index":"index","follow":"follow","max-snippet":"max-snippet:-1","max-image-preview":"max-image-preview:large","max-video-preview":"max-video-preview:-1"},"canonical":"http:\/\/78ba2ae1-0676-43d8-99b3-5a0d323af87c.clouding.host\/en\/mail-solutions\/","og_locale":"en_US","og_type":"article","og_title":"Processes the metadata of mail attachments","og_description":"Process the metadata of your email attachments and prevent data leakage directly from Gmail or Outlook \u2713 Request a demo now","og_url":"http:\/\/78ba2ae1-0676-43d8-99b3-5a0d323af87c.clouding.host\/en\/mail-solutions\/","og_site_name":"Adarsus","article_modified_time":"2025-04-09T17:43:12+00:00","twitter_card":"summary_large_image","twitter_misc":{"Est. reading time":"8 minutes"},"schema":{"@context":"https:\/\/schema.org","@graph":[{"@type":"WebPage","@id":"http:\/\/78ba2ae1-0676-43d8-99b3-5a0d323af87c.clouding.host\/en\/mail-solutions\/","url":"http:\/\/78ba2ae1-0676-43d8-99b3-5a0d323af87c.clouding.host\/en\/mail-solutions\/","name":"Processes the metadata of mail attachments","isPartOf":{"@id":"http:\/\/78ba2ae1-0676-43d8-99b3-5a0d323af87c.clouding.host\/#website"},"datePublished":"2019-01-28T15:37:23+00:00","dateModified":"2025-04-09T17:43:12+00:00","description":"Process the metadata of your email attachments and prevent data leakage directly from Gmail or Outlook \u2713 Request a demo now","breadcrumb":{"@id":"http:\/\/78ba2ae1-0676-43d8-99b3-5a0d323af87c.clouding.host\/en\/mail-solutions\/#breadcrumb"},"inLanguage":"en-US","potentialAction":[{"@type":"ReadAction","target":["http:\/\/78ba2ae1-0676-43d8-99b3-5a0d323af87c.clouding.host\/en\/mail-solutions\/"]}]},{"@type":"BreadcrumbList","@id":"http:\/\/78ba2ae1-0676-43d8-99b3-5a0d323af87c.clouding.host\/en\/mail-solutions\/#breadcrumb","itemListElement":[{"@type":"ListItem","position":1,"name":"Portada","item":"http:\/\/78ba2ae1-0676-43d8-99b3-5a0d323af87c.clouding.host\/en\/"},{"@type":"ListItem","position":2,"name":"Mail Solutions"}]},{"@type":"WebSite","@id":"http:\/\/78ba2ae1-0676-43d8-99b3-5a0d323af87c.clouding.host\/#website","url":"http:\/\/78ba2ae1-0676-43d8-99b3-5a0d323af87c.clouding.host\/","name":"Adarsus - MetaClean","description":"Metadata solutions","publisher":{"@id":"http:\/\/78ba2ae1-0676-43d8-99b3-5a0d323af87c.clouding.host\/#organization"},"potentialAction":[{"@type":"SearchAction","target":{"@type":"EntryPoint","urlTemplate":"http:\/\/78ba2ae1-0676-43d8-99b3-5a0d323af87c.clouding.host\/?s={search_term_string}"},"query-input":{"@type":"PropertyValueSpecification","valueRequired":true,"valueName":"search_term_string"}}],"inLanguage":"en-US"},{"@type":"Organization","@id":"http:\/\/78ba2ae1-0676-43d8-99b3-5a0d323af87c.clouding.host\/#organization","name":"MetaClean","url":"http:\/\/78ba2ae1-0676-43d8-99b3-5a0d323af87c.clouding.host\/","logo":{"@type":"ImageObject","inLanguage":"en-US","@id":"http:\/\/78ba2ae1-0676-43d8-99b3-5a0d323af87c.clouding.host\/#\/schema\/logo\/image\/","url":"http:\/\/78ba2ae1-0676-43d8-99b3-5a0d323af87c.clouding.host\/wp-content\/uploads\/2018\/12\/metaclean-logo.png","contentUrl":"http:\/\/78ba2ae1-0676-43d8-99b3-5a0d323af87c.clouding.host\/wp-content\/uploads\/2018\/12\/metaclean-logo.png","width":303,"height":200,"caption":"MetaClean"},"image":{"@id":"http:\/\/78ba2ae1-0676-43d8-99b3-5a0d323af87c.clouding.host\/#\/schema\/logo\/image\/"}}]}},"_links":{"self":[{"href":"http:\/\/78ba2ae1-0676-43d8-99b3-5a0d323af87c.clouding.host\/en\/wp-json\/wp\/v2\/pages\/1018","targetHints":{"allow":["GET"]}}],"collection":[{"href":"http:\/\/78ba2ae1-0676-43d8-99b3-5a0d323af87c.clouding.host\/en\/wp-json\/wp\/v2\/pages"}],"about":[{"href":"http:\/\/78ba2ae1-0676-43d8-99b3-5a0d323af87c.clouding.host\/en\/wp-json\/wp\/v2\/types\/page"}],"author":[{"embeddable":true,"href":"http:\/\/78ba2ae1-0676-43d8-99b3-5a0d323af87c.clouding.host\/en\/wp-json\/wp\/v2\/users\/1"}],"replies":[{"embeddable":true,"href":"http:\/\/78ba2ae1-0676-43d8-99b3-5a0d323af87c.clouding.host\/en\/wp-json\/wp\/v2\/comments?post=1018"}],"version-history":[{"count":19,"href":"http:\/\/78ba2ae1-0676-43d8-99b3-5a0d323af87c.clouding.host\/en\/wp-json\/wp\/v2\/pages\/1018\/revisions"}],"predecessor-version":[{"id":6458,"href":"http:\/\/78ba2ae1-0676-43d8-99b3-5a0d323af87c.clouding.host\/en\/wp-json\/wp\/v2\/pages\/1018\/revisions\/6458"}],"wp:attachment":[{"href":"http:\/\/78ba2ae1-0676-43d8-99b3-5a0d323af87c.clouding.host\/en\/wp-json\/wp\/v2\/media?parent=1018"}],"curies":[{"name":"wp","href":"https:\/\/api.w.org\/{rel}","templated":true}]}}